{"id":1178,"date":"2024-05-04T19:42:50","date_gmt":"2024-05-04T18:42:50","guid":{"rendered":"https:\/\/apelyon.esb.sk\/?page_id=1178"},"modified":"2024-05-12T08:39:48","modified_gmt":"2024-05-12T07:39:48","slug":"rozvoj-podnikaveho-talentu","status":"publish","type":"page","link":"https:\/\/apelyon.esb.sk\/index.php\/rozvoj-podnikaveho-talentu\/","title":{"rendered":"Rozvoj podnikav\u00e9ho talentu"},"content":{"rendered":"\n<div class=\"wp-block-cover alignfull hero\"><span aria-hidden=\"true\" class=\"wp-block-cover__background has-nv-dark-bg-background-color has-background-dim-100 has-background-dim\"><\/span><div class=\"wp-block-cover__inner-container is-layout-constrained wp-block-cover-is-layout-constrained\">\n<div class=\"wp-block-group container\"><div class=\"wp-block-group__inner-container is-layout-constrained wp-block-group-is-layout-constrained\">\n<div class=\"wp-block-columns mb-0 is-layout-flex wp-container-core-columns-is-layout-9d6595d7 wp-block-columns-is-layout-flex\">\n<div class=\"wp-block-column is-layout-flow wp-block-column-is-layout-flow\" style=\"flex-basis:60%\">\n<h2 class=\"wp-block-heading has-text-align-left\">Vyu\u017eite n\u00e1stroje pre podnikav\u00fdch \u013eud\u00ed a p\u00fdtajte sa v\u010das m\u00fadre ot\u00e1zky<\/h2>\n\n\n\n<h4 class=\"wp-block-heading mb-0\">Na\u0161a odbornos\u0165 je v poskytovan\u00ed m\u00fadrych n\u00e1strojov pre va\u0161e podnikav\u00e9 a \u00fadern\u00e9 riadenie a sprev\u00e1dzanie implement\u00e1ciou m\u00fadrych rie\u0161en\u00ed.<\/h4>\n<\/div>\n\n\n\n<div class=\"wp-block-column is-layout-flow wp-block-column-is-layout-flow\" style=\"flex-basis:40%\"><div class=\"wp-block-image hidden-mobile\">\n<figure class=\"alignright size-full\"><img loading=\"lazy\" decoding=\"async\" width=\"325\" height=\"325\" src=\"https:\/\/apelyon.esb.sk\/wp-content\/uploads\/2024\/04\/mudre-nastroje-sipka.png\" alt=\"M\u00fadre n\u00e1stroje \u0161ipka\" class=\"wp-image-573\" srcset=\"https:\/\/apelyon.esb.sk\/wp-content\/uploads\/2024\/04\/mudre-nastroje-sipka.png 325w, https:\/\/apelyon.esb.sk\/wp-content\/uploads\/2024\/04\/mudre-nastroje-sipka-300x300.png 300w, https:\/\/apelyon.esb.sk\/wp-content\/uploads\/2024\/04\/mudre-nastroje-sipka-150x150.png 150w\" sizes=\"auto, (max-width: 325px) 100vw, 325px\" \/><\/figure>\n<\/div><\/div>\n<\/div>\n<\/div><\/div>\n<\/div><\/div>\n\n\n\n<div class=\"wp-block-columns mb-0 is-layout-flex wp-container-core-columns-is-layout-9d6595d7 wp-block-columns-is-layout-flex\">\n<div class=\"wp-block-column is-vertically-aligned-center is-layout-flow wp-block-column-is-layout-flow\">\n<div class=\"wp-block-group training-stack has-nv-dark-bg-color has-text-color has-link-color wp-elements-2002424e693bfb23436ccb7ff6d5d16f is-vertical is-content-justification-center is-layout-flex wp-container-core-group-is-layout-73a99bce wp-block-group-is-layout-flex\">\n<h5 class=\"wp-block-heading has-text-align-center\">\u201eAko spr\u00e1vne nadstavi\u0165 procesy v mojej firme, zvl\u00e1dnu\u0165 pripravovan\u00e9 projekty a dosta\u0165 ich do \u00faspe\u0161n\u00e9ho konca?\u201c<\/h5>\n\n\n\n<h5 class=\"wp-block-heading\" style=\"text-transform:uppercase\">\u0160KOLENIE<\/h5>\n\n\n\n<div class=\"wp-block-buttons is-layout-flex wp-block-buttons-is-layout-flex\">\n<div class=\"wp-block-button is-style-primary\"><a class=\"wp-block-button__link wp-element-button\" href=\"https:\/\/apelyon.esb.sk\/index.php\/skolenia\/\">ZISTI\u0164 AKO<\/a><\/div>\n<\/div>\n<\/div>\n<\/div>\n\n\n\n<div class=\"wp-block-column is-layout-flow wp-block-column-is-layout-flow\">\n<figure class=\"wp-block-image size-full\"><img loading=\"lazy\" decoding=\"async\" width=\"650\" height=\"475\" src=\"https:\/\/apelyon.esb.sk\/wp-content\/uploads\/2024\/05\/skolenie.png\" alt=\"Obr\u00e1zok \u0161kolenie\" class=\"wp-image-1181\" srcset=\"https:\/\/apelyon.esb.sk\/wp-content\/uploads\/2024\/05\/skolenie.png 650w, https:\/\/apelyon.esb.sk\/wp-content\/uploads\/2024\/05\/skolenie-300x219.png 300w\" sizes=\"auto, (max-width: 650px) 100vw, 650px\" \/><\/figure>\n<\/div>\n<\/div>\n\n\n\n<div class=\"wp-block-cover alignfull\"><span aria-hidden=\"true\" class=\"wp-block-cover__background has-nv-dark-bg-background-color has-background-dim-100 has-background-dim\"><\/span><div class=\"wp-block-cover__inner-container is-layout-constrained wp-block-cover-is-layout-constrained\">\n<div class=\"wp-block-columns mb-0 is-layout-flex wp-container-core-columns-is-layout-9d6595d7 wp-block-columns-is-layout-flex\">\n<div class=\"wp-block-column is-vertically-aligned-center is-layout-flow wp-block-column-is-layout-flow\">\n<div class=\"wp-block-group training-stack is-vertical is-content-justification-center is-layout-flex wp-container-core-group-is-layout-73a99bce wp-block-group-is-layout-flex\">\n<h5 class=\"wp-block-heading has-text-align-center\">\u201eM\u00e1m \u0161pecifick\u00fd probl\u00e9m, ktor\u00fd by som chcel vyrie\u0161i\u0165 a h\u013ead\u00e1m n\u00e1vod, ako na to vlastn\u00fdmi silami.\u201c<\/h5>\n\n\n\n<h5 class=\"wp-block-heading\" style=\"text-transform:uppercase\">WORKSHOP<\/h5>\n\n\n\n<div class=\"wp-block-buttons is-layout-flex wp-block-buttons-is-layout-flex\">\n<div class=\"wp-block-button is-style-primary\"><a class=\"wp-block-button__link wp-element-button\" href=\"https:\/\/apelyon.esb.sk\/index.php\/rozvoj-podnikaveho-talentu\/workshop\/\">ZISTI\u0164 AKO<\/a><\/div>\n<\/div>\n<\/div>\n<\/div>\n\n\n\n<div class=\"wp-block-column is-layout-flow wp-block-column-is-layout-flow\">\n<figure class=\"wp-block-image size-full\"><img loading=\"lazy\" decoding=\"async\" width=\"650\" height=\"475\" src=\"https:\/\/apelyon.esb.sk\/wp-content\/uploads\/2024\/05\/workshop.png\" alt=\"Obr\u00e1zok workshop\" class=\"wp-image-1183\" srcset=\"https:\/\/apelyon.esb.sk\/wp-content\/uploads\/2024\/05\/workshop.png 650w, https:\/\/apelyon.esb.sk\/wp-content\/uploads\/2024\/05\/workshop-300x219.png 300w\" sizes=\"auto, (max-width: 650px) 100vw, 650px\" \/><\/figure>\n<\/div>\n<\/div>\n<\/div><\/div>\n\n\n\n<div class=\"wp-block-columns mb-0 is-layout-flex wp-container-core-columns-is-layout-9d6595d7 wp-block-columns-is-layout-flex\">\n<div class=\"wp-block-column is-vertically-aligned-center is-layout-flow wp-block-column-is-layout-flow\">\n<div class=\"wp-block-group training-stack has-nv-dark-bg-color has-text-color has-link-color wp-elements-841724aa1150572934afb58acddc97b8 is-vertical is-content-justification-center is-layout-flex wp-container-core-group-is-layout-73a99bce wp-block-group-is-layout-flex\">\n<h5 class=\"wp-block-heading has-text-align-center\">\u201eChcem sa dozvedie\u0165 viac o t\u00e9mach, ktor\u00e9 sa t\u00fdkaj\u00fa&nbsp; paradoxov podnikania a mo\u017enosti ich m\u00fadrych rie\u0161en\u00ed.\u201c<\/h5>\n\n\n\n<h5 class=\"wp-block-heading\" style=\"text-transform:uppercase\">WEBIN\u00c1R<\/h5>\n\n\n\n<div class=\"wp-block-buttons is-layout-flex wp-block-buttons-is-layout-flex\">\n<div class=\"wp-block-button is-style-primary\"><a class=\"wp-block-button__link wp-element-button\" href=\"https:\/\/apelyon.esb.sk\/index.php\/rozvoj-podnikaveho-talentu\/webinar\/\">ZISTI\u0164 AKO<\/a><\/div>\n<\/div>\n<\/div>\n<\/div>\n\n\n\n<div class=\"wp-block-column is-layout-flow wp-block-column-is-layout-flow\">\n<figure class=\"wp-block-image size-full\"><img loading=\"lazy\" decoding=\"async\" width=\"650\" height=\"475\" src=\"https:\/\/apelyon.esb.sk\/wp-content\/uploads\/2024\/05\/webinar.png\" alt=\"Obr\u00e1zok webin\u00e1r\" class=\"wp-image-1182\" srcset=\"https:\/\/apelyon.esb.sk\/wp-content\/uploads\/2024\/05\/webinar.png 650w, https:\/\/apelyon.esb.sk\/wp-content\/uploads\/2024\/05\/webinar-300x219.png 300w\" sizes=\"auto, (max-width: 650px) 100vw, 650px\" \/><\/figure>\n<\/div>\n<\/div>\n","protected":false},"excerpt":{"rendered":"<p>\u201eAko spr\u00e1vne nadstavi\u0165 procesy v mojej firme, zvl\u00e1dnu\u0165 pripravovan\u00e9 projekty a dosta\u0165 ich do \u00faspe\u0161n\u00e9ho konca?\u201c \u0160KOLENIE \u201eChcem sa dozvedie\u0165 viac o t\u00e9mach, ktor\u00e9 sa t\u00fdkaj\u00fa&nbsp; paradoxov podnikania a mo\u017enosti ich m\u00fadrych rie\u0161en\u00ed.\u201c WEBIN\u00c1R<\/p>\n","protected":false},"author":1,"featured_media":0,"parent":0,"menu_order":0,"comment_status":"closed","ping_status":"closed","template":"","meta":{"neve_meta_sidebar":"","neve_meta_container":"","neve_meta_enable_content_width":"","neve_meta_content_width":0,"neve_meta_title_alignment":"","neve_meta_author_avatar":"","neve_post_elements_order":"","neve_meta_disable_header":"","neve_meta_disable_footer":"","neve_meta_disable_title":"on","_themeisle_gutenberg_block_has_review":false,"footnotes":""},"class_list":["post-1178","page","type-page","status-publish","hentry"],"_links":{"self":[{"href":"https:\/\/apelyon.esb.sk\/index.php\/wp-json\/wp\/v2\/pages\/1178","targetHints":{"allow":["GET"]}}],"collection":[{"href":"https:\/\/apelyon.esb.sk\/index.php\/wp-json\/wp\/v2\/pages"}],"about":[{"href":"https:\/\/apelyon.esb.sk\/index.php\/wp-json\/wp\/v2\/types\/page"}],"author":[{"embeddable":true,"href":"https:\/\/apelyon.esb.sk\/index.php\/wp-json\/wp\/v2\/users\/1"}],"replies":[{"embeddable":true,"href":"https:\/\/apelyon.esb.sk\/index.php\/wp-json\/wp\/v2\/comments?post=1178"}],"version-history":[{"count":7,"href":"https:\/\/apelyon.esb.sk\/index.php\/wp-json\/wp\/v2\/pages\/1178\/revisions"}],"predecessor-version":[{"id":1328,"href":"https:\/\/apelyon.esb.sk\/index.php\/wp-json\/wp\/v2\/pages\/1178\/revisions\/1328"}],"wp:attachment":[{"href":"https:\/\/apelyon.esb.sk\/index.php\/wp-json\/wp\/v2\/media?parent=1178"}],"curies":[{"name":"wp","href":"https:\/\/api.w.org\/{rel}","templated":true}]}}