{"id":390,"date":"2024-04-20T14:17:58","date_gmt":"2024-04-20T14:17:58","guid":{"rendered":"https:\/\/apelyon.esb.sk\/?page_id=390"},"modified":"2025-02-24T11:38:38","modified_gmt":"2025-02-24T10:38:38","slug":"kontakt","status":"publish","type":"page","link":"https:\/\/apelyon.esb.sk\/index.php\/kontakt\/","title":{"rendered":"Kontakt"},"content":{"rendered":"\n<div class=\"wp-block-cover alignfull hero\"><span aria-hidden=\"true\" class=\"wp-block-cover__background has-nv-dark-bg-background-color has-background-dim\"><\/span><img loading=\"lazy\" decoding=\"async\" width=\"1920\" height=\"650\" class=\"wp-block-cover__image-background wp-image-985\" alt=\"Obr\u00e1zok \u010dloveka na schodoch\" src=\"https:\/\/apelyon.esb.sk\/wp-content\/uploads\/2024\/04\/clovek-na-schodoch.png\" style=\"object-position:50% 0%\" data-object-fit=\"cover\" data-object-position=\"50% 0%\" srcset=\"https:\/\/apelyon.esb.sk\/wp-content\/uploads\/2024\/04\/clovek-na-schodoch.png 1920w, https:\/\/apelyon.esb.sk\/wp-content\/uploads\/2024\/04\/clovek-na-schodoch-300x102.png 300w, https:\/\/apelyon.esb.sk\/wp-content\/uploads\/2024\/04\/clovek-na-schodoch-1024x347.png 1024w, https:\/\/apelyon.esb.sk\/wp-content\/uploads\/2024\/04\/clovek-na-schodoch-768x260.png 768w, https:\/\/apelyon.esb.sk\/wp-content\/uploads\/2024\/04\/clovek-na-schodoch-1536x520.png 1536w\" sizes=\"auto, (max-width: 1920px) 100vw, 1920px\" \/><div class=\"wp-block-cover__inner-container is-layout-constrained wp-block-cover-is-layout-constrained\">\n<div class=\"wp-block-group container\"><div class=\"wp-block-group__inner-container is-layout-constrained wp-block-group-is-layout-constrained\">\n<div class=\"wp-block-columns mb-0 is-layout-flex wp-container-core-columns-is-layout-9d6595d7 wp-block-columns-is-layout-flex\">\n<div class=\"wp-block-column is-layout-flow wp-block-column-is-layout-flow\" style=\"flex-basis:60%\">\n<h2 class=\"wp-block-heading has-text-align-left\">Vyu\u017eite n\u00e1stroje pre podnikav\u00fdch \u013eud\u00ed a p\u00fdtajte sa v\u010das m\u00fadre ot\u00e1zky<\/h2>\n\n\n\n<h4 class=\"wp-block-heading mb-0\">Na\u0161a odbornos\u0165 je v poskytovan\u00ed m\u00fadrych n\u00e1strojov pre va\u0161e podnikav\u00e9 a \u00fadern\u00e9 riadenie a sprev\u00e1dzanie implement\u00e1ciou m\u00fadrych rie\u0161en\u00ed.<\/h4>\n<\/div>\n<\/div>\n<\/div><\/div>\n<\/div><\/div>\n\n\n\n<div class=\"wp-block-group section\"><div class=\"wp-block-group__inner-container is-layout-constrained wp-block-group-is-layout-constrained\">\n<div class=\"wp-block-columns is-layout-flex wp-container-core-columns-is-layout-9d6595d7 wp-block-columns-is-layout-flex\">\n<div class=\"wp-block-column is-layout-flow wp-block-column-is-layout-flow\">\n<div class=\"wp-block-group is-vertical is-content-justification-center is-layout-flex wp-container-core-group-is-layout-4b2eccd6 wp-block-group-is-layout-flex\">\n<figure class=\"wp-block-image size-full\"><img loading=\"lazy\" decoding=\"async\" width=\"419\" height=\"460\" src=\"https:\/\/apelyon.esb.sk\/wp-content\/uploads\/2024\/04\/ivan-sajban.png\" alt=\"Ivan \u0160ajban\" class=\"wp-image-188\" style=\"object-fit:cover\" srcset=\"https:\/\/apelyon.esb.sk\/wp-content\/uploads\/2024\/04\/ivan-sajban.png 419w, https:\/\/apelyon.esb.sk\/wp-content\/uploads\/2024\/04\/ivan-sajban-273x300.png 273w\" sizes=\"auto, (max-width: 419px) 100vw, 419px\" \/><\/figure>\n\n\n\n<div style=\"height:0px\" aria-hidden=\"true\" class=\"wp-block-spacer wp-container-content-62aae154\"><\/div>\n\n\n\n<h3 class=\"wp-block-heading has-text-align-center has-nv-dark-bg-color has-text-color has-link-color wp-elements-41ea2c884d785cac8d039e3868366eb8\">Ivan \u0160ajban<\/h3>\n\n\n\n<h6 class=\"wp-block-heading has-text-align-center has-nv-dark-bg-color has-text-color has-link-color wp-elements-acde8479cfe0484abda1ffc86c3262ab\">ODBORN\u00dd GARANT<\/h6>\n\n\n\n<ul class=\"wp-block-social-links is-content-justification-center is-layout-flex wp-container-core-social-links-is-layout-16018d1d wp-block-social-links-is-layout-flex\"><\/ul>\n<\/div>\n<\/div>\n\n\n\n<div class=\"wp-block-column is-layout-flow wp-block-column-is-layout-flow\">\n<div class=\"wp-block-group is-vertical is-content-justification-center is-layout-flex wp-container-core-group-is-layout-4b2eccd6 wp-block-group-is-layout-flex\">\n<figure class=\"wp-block-image size-full\"><img loading=\"lazy\" decoding=\"async\" width=\"419\" height=\"460\" src=\"https:\/\/apelyon.esb.sk\/wp-content\/uploads\/2024\/04\/andrijana-adamek.png\" alt=\"Andrijana Ad\u00e1mek\" class=\"wp-image-187\" srcset=\"https:\/\/apelyon.esb.sk\/wp-content\/uploads\/2024\/04\/andrijana-adamek.png 419w, https:\/\/apelyon.esb.sk\/wp-content\/uploads\/2024\/04\/andrijana-adamek-273x300.png 273w\" sizes=\"auto, (max-width: 419px) 100vw, 419px\" \/><\/figure>\n\n\n\n<div style=\"height:0px\" aria-hidden=\"true\" class=\"wp-block-spacer wp-container-content-62aae154\"><\/div>\n\n\n\n<h3 class=\"wp-block-heading has-text-align-center has-nv-dark-bg-color has-text-color has-link-color wp-elements-26d8cd1f159edbc1d6a6a65394b67a32\">Andrijana Ad\u00e1mek<\/h3>\n\n\n\n<h6 class=\"wp-block-heading has-text-align-center has-nv-dark-bg-color has-text-color has-link-color wp-elements-14bf2378e945c4c4fa979e74a4592f49\">MANA\u017d\u00c9R SPOLO\u010cNOSTI<\/h6>\n\n\n\n<ul class=\"wp-block-social-links has-visible-labels is-content-justification-center is-layout-flex wp-container-core-social-links-is-layout-16018d1d wp-block-social-links-is-layout-flex\"><li class=\"wp-social-link wp-social-link-linkedin  wp-block-social-link\"><a rel=\"noopener nofollow\" target=\"_blank\" href=\"https:\/\/www.linkedin.com\/in\/andri-ad\u00e1mek-esb01\/\" class=\"wp-block-social-link-anchor\"><svg width=\"24\" height=\"24\" viewBox=\"0 0 24 24\" version=\"1.1\" xmlns=\"http:\/\/www.w3.org\/2000\/svg\" aria-hidden=\"true\" focusable=\"false\"><path d=\"M19.7,3H4.3C3.582,3,3,3.582,3,4.3v15.4C3,20.418,3.582,21,4.3,21h15.4c0.718,0,1.3-0.582,1.3-1.3V4.3 C21,3.582,20.418,3,19.7,3z M8.339,18.338H5.667v-8.59h2.672V18.338z M7.004,8.574c-0.857,0-1.549-0.694-1.549-1.548 c0-0.855,0.691-1.548,1.549-1.548c0.854,0,1.547,0.694,1.547,1.548C8.551,7.881,7.858,8.574,7.004,8.574z M18.339,18.338h-2.669 v-4.177c0-0.996-0.017-2.278-1.387-2.278c-1.389,0-1.601,1.086-1.601,2.206v4.249h-2.667v-8.59h2.559v1.174h0.037 c0.356-0.675,1.227-1.387,2.526-1.387c2.703,0,3.203,1.779,3.203,4.092V18.338z\"><\/path><\/svg><span class=\"wp-block-social-link-label\">LinkedIn<\/span><\/a><\/li><\/ul>\n<\/div>\n<\/div>\n<\/div>\n<\/div><\/div>\n\n\n\n<div class=\"wp-block-columns is-layout-flex wp-container-core-columns-is-layout-9d6595d7 wp-block-columns-is-layout-flex\">\n<div class=\"wp-block-column is-layout-flow wp-block-column-is-layout-flow\">\n<h3 class=\"wp-block-heading has-nv-dark-bg-color has-text-color has-link-color wp-elements-dfde124f15dcf29f77f825d34c12f4d1\">office@apelyon.sk<\/h3>\n\n\n\n<p><strong>I\u010cO<\/strong>: 36578916<br><strong>DI\u010c<\/strong>: 20218116654<br><strong>DI\u010c DPH<\/strong>: SK2021816654<\/p>\n\n\n\n<p><strong>S\u00eddlo<\/strong><br>ESB, s. r. o.<br>Astrov\u00e1 10 821 01 Bratislava \u2013 Ru\u017einov<\/p>\n<\/div>\n\n\n\n<div class=\"wp-block-column is-layout-flow wp-block-column-is-layout-flow\">\n<figure class=\"wp-block-image size-full\"><img loading=\"lazy\" decoding=\"async\" width=\"625\" height=\"543\" src=\"https:\/\/apelyon.esb.sk\/wp-content\/uploads\/2024\/04\/tocite-schodisko.png\" alt=\"Obr\u00e1zok to\u010dit\u00e9 schodisko\" class=\"wp-image-989\" srcset=\"https:\/\/apelyon.esb.sk\/wp-content\/uploads\/2024\/04\/tocite-schodisko.png 625w, https:\/\/apelyon.esb.sk\/wp-content\/uploads\/2024\/04\/tocite-schodisko-300x261.png 300w\" sizes=\"auto, (max-width: 625px) 100vw, 625px\" \/><\/figure>\n<\/div>\n<\/div>\n\n\n\n<div class=\"wp-block-cover alignfull is-light section\" style=\"min-height:600px;aspect-ratio:unset;\"><span aria-hidden=\"true\" class=\"wp-block-cover__background has-nv-dark-bg-background-color has-background-dim-100 has-background-dim\"><\/span><div class=\"wp-block-cover__inner-container is-layout-flow wp-block-cover-is-layout-flow\">\n<div class=\"wp-block-group has-nv-text-dark-bg-color has-text-color has-link-color wp-elements-8e867c54dadebd16a10942343b802d38\"><div class=\"wp-block-group__inner-container is-layout-flow wp-block-group-is-layout-flow\">\n<h2 class=\"wp-block-heading has-text-align-center\">S m\u00fadrymi n\u00e1strojmi n\u00e1jdete<br>odpovede na va\u0161e podnikav\u00e9 ot\u00e1zky:<\/h2>\n\n\n\n<div style=\"height:50px\" aria-hidden=\"true\" class=\"wp-block-spacer\"><\/div>\n\n\n\n<div class=\"wp-block-columns business-answers is-layout-flex wp-container-core-columns-is-layout-9d6595d7 wp-block-columns-is-layout-flex\">\n<div class=\"wp-block-column is-vertically-aligned-stretch has-border-color has-nv-site-bg-border-color is-layout-flow wp-block-column-is-layout-flow\" style=\"border-width:2px\">\n<div class=\"wp-block-group wp-container-content-90d19858 is-vertical is-content-justification-center is-layout-flex wp-container-core-group-is-layout-b0c93512 wp-block-group-is-layout-flex\" style=\"border-style:none;border-width:0px;padding-top:60px;padding-right:18px;padding-bottom:60px;padding-left:18px\">\n<h5 class=\"wp-block-heading has-text-align-center\">Ako m\u00f4j podnik ovplyvn\u00ed<br>nov\u00fd prev\u00e1dzkov\u00fd syst\u00e9m?<\/h5>\n\n\n\n<div style=\"height:0px\" aria-hidden=\"true\" class=\"wp-block-spacer wp-container-content-c00f5982\"><\/div>\n\n\n\n<div class=\"wp-block-group is-content-justification-space-between is-nowrap is-layout-flex wp-container-core-group-is-layout-eaacdc6a wp-block-group-is-layout-flex\">\n<div class=\"wp-block-group wp-container-content-0733e5d0 is-vertical is-content-justification-center is-layout-flex wp-container-core-group-is-layout-88a7ed2c wp-block-group-is-layout-flex\">\n<figure class=\"wp-block-image size-full is-resized\"><img loading=\"lazy\" decoding=\"async\" width=\"134\" height=\"134\" src=\"https:\/\/apelyon.esb.sk\/wp-content\/uploads\/2024\/04\/problemy-riesit.png\" alt=\"Rie\u0161i\u0165 probl\u00e9m\" class=\"wp-image-206\" style=\"aspect-ratio:1;object-fit:cover;width:134px\"\/><\/figure>\n\n\n\n<div style=\"height:0px\" aria-hidden=\"true\" class=\"wp-block-spacer wp-container-content-541a6b20\"><\/div>\n\n\n\n<h6 class=\"wp-block-heading has-text-align-center has-text-color has-link-color wp-elements-c05404e81a6818f127f842bf1ec5e0eb\" style=\"color:#898985\">Rie\u0161i\u0165 probl\u00e9m<\/h6>\n<\/div>\n\n\n\n<div class=\"wp-block-group wp-container-content-0733e5d0 is-vertical is-content-justification-center is-layout-flex wp-container-core-group-is-layout-88a7ed2c wp-block-group-is-layout-flex\">\n<figure class=\"wp-block-image size-full is-resized\"><img loading=\"lazy\" decoding=\"async\" width=\"134\" height=\"134\" src=\"https:\/\/apelyon.esb.sk\/wp-content\/uploads\/2024\/04\/problemom-predchadzat.png\" alt=\"Prech\u00e1dza\u0165 probl\u00e9mom\" class=\"wp-image-205\" style=\"aspect-ratio:1;object-fit:cover;width:134px\"\/><\/figure>\n\n\n\n<div style=\"height:0px\" aria-hidden=\"true\" class=\"wp-block-spacer wp-container-content-541a6b20\"><\/div>\n\n\n\n<h6 class=\"wp-block-heading has-text-align-center\">Prech\u00e1dza\u0165 probl\u00e9mom<\/h6>\n<\/div>\n<\/div>\n<\/div>\n<\/div>\n\n\n\n<div class=\"wp-block-column is-vertically-aligned-stretch has-border-color has-nv-site-bg-border-color is-layout-flow wp-block-column-is-layout-flow\" style=\"border-width:2px\">\n<div class=\"wp-block-group wp-container-content-90d19858 is-vertical is-content-justification-center is-layout-flex wp-container-core-group-is-layout-b0c93512 wp-block-group-is-layout-flex\" style=\"border-style:none;border-width:0px;padding-top:60px;padding-right:18px;padding-bottom:60px;padding-left:18px\">\n<h5 class=\"wp-block-heading has-text-align-center\">Ktor\u00e9 d\u00e1ta treba prioritne sledova\u0165 a pre\u010do?<\/h5>\n\n\n\n<div style=\"height:0px\" aria-hidden=\"true\" class=\"wp-block-spacer wp-container-content-c00f5982\"><\/div>\n\n\n\n<div class=\"wp-block-group is-content-justification-space-between is-nowrap is-layout-flex wp-container-core-group-is-layout-eaacdc6a wp-block-group-is-layout-flex\">\n<div class=\"wp-block-group wp-container-content-0733e5d0 is-vertical is-content-justification-center is-layout-flex wp-container-core-group-is-layout-88a7ed2c wp-block-group-is-layout-flex\">\n<figure class=\"wp-block-image size-full is-resized\"><img loading=\"lazy\" decoding=\"async\" width=\"134\" height=\"134\" src=\"https:\/\/apelyon.esb.sk\/wp-content\/uploads\/2024\/04\/vedomosti.png\" alt=\"Vedomosti\" class=\"wp-image-211\" style=\"aspect-ratio:1;object-fit:cover;width:134px\"\/><\/figure>\n\n\n\n<div style=\"height:0px\" aria-hidden=\"true\" class=\"wp-block-spacer wp-container-content-541a6b20\"><\/div>\n\n\n\n<h6 class=\"wp-block-heading has-text-align-center has-text-color has-link-color wp-elements-a5805a902e4b471f53163107b2d81f81\" style=\"color:#898985\">inform\u00e1cie<\/h6>\n<\/div>\n\n\n\n<div class=\"wp-block-group wp-container-content-0733e5d0 is-vertical is-content-justification-center is-layout-flex wp-container-core-group-is-layout-88a7ed2c wp-block-group-is-layout-flex\">\n<figure class=\"wp-block-image size-full is-resized\"><img loading=\"lazy\" decoding=\"async\" width=\"134\" height=\"134\" src=\"https:\/\/apelyon.esb.sk\/wp-content\/uploads\/2024\/04\/pochopenie.png\" alt=\"Pochopenie\" class=\"wp-image-204\" style=\"aspect-ratio:1;object-fit:cover;width:134px\"\/><\/figure>\n\n\n\n<div style=\"height:0px\" aria-hidden=\"true\" class=\"wp-block-spacer wp-container-content-541a6b20\"><\/div>\n\n\n\n<h6 class=\"wp-block-heading has-text-align-center\">Pochopenie<\/h6>\n<\/div>\n<\/div>\n<\/div>\n<\/div>\n\n\n\n<div class=\"wp-block-column is-vertically-aligned-stretch has-border-color has-nv-site-bg-border-color is-layout-flow wp-block-column-is-layout-flow\" style=\"border-width:2px\">\n<div class=\"wp-block-group wp-container-content-90d19858 is-vertical is-content-justification-center is-layout-flex wp-container-core-group-is-layout-b0c93512 wp-block-group-is-layout-flex\" style=\"border-style:none;border-width:0px;padding-top:60px;padding-right:18px;padding-bottom:60px;padding-left:18px\">\n<h5 class=\"wp-block-heading has-text-align-center\">\u010co najviac zdr\u017euje mojich kolegov a ko\u013eko ma to stoj\u00ed?<\/h5>\n\n\n\n<div style=\"height:0px\" aria-hidden=\"true\" class=\"wp-block-spacer wp-container-content-c00f5982\"><\/div>\n\n\n\n<div class=\"wp-block-group is-content-justification-space-between is-nowrap is-layout-flex wp-container-core-group-is-layout-eaacdc6a wp-block-group-is-layout-flex\">\n<div class=\"wp-block-group wp-container-content-0733e5d0 is-vertical is-content-justification-center is-layout-flex wp-container-core-group-is-layout-88a7ed2c wp-block-group-is-layout-flex\">\n<figure class=\"wp-block-image size-full is-resized\"><img loading=\"lazy\" decoding=\"async\" width=\"134\" height=\"134\" src=\"https:\/\/apelyon.esb.sk\/wp-content\/uploads\/2024\/04\/skusat-vsetko.png\" alt=\"Sk\u00fa\u0161a\u0165 v\u0161etko\" class=\"wp-image-208\" style=\"aspect-ratio:1;object-fit:cover;width:134px\"\/><\/figure>\n\n\n\n<div style=\"height:0px\" aria-hidden=\"true\" class=\"wp-block-spacer wp-container-content-541a6b20\"><\/div>\n\n\n\n<h6 class=\"wp-block-heading has-text-align-center has-text-color has-link-color wp-elements-0c01aa23db77940ceacc2a3523c6391b\" style=\"color:#898985\">Sk\u00fa\u0161a\u0165 v\u0161etko<\/h6>\n<\/div>\n\n\n\n<div class=\"wp-block-group wp-container-content-0733e5d0 is-vertical is-content-justification-center is-layout-flex wp-container-core-group-is-layout-88a7ed2c wp-block-group-is-layout-flex\">\n<figure class=\"wp-block-image size-full is-resized\"><img loading=\"lazy\" decoding=\"async\" width=\"134\" height=\"134\" src=\"https:\/\/apelyon.esb.sk\/wp-content\/uploads\/2024\/04\/sledovat-prioritu.png\" alt=\"Sledova\u0165 prioritu\" class=\"wp-image-209\" style=\"aspect-ratio:1;object-fit:cover;width:134px\"\/><\/figure>\n\n\n\n<div style=\"height:0px\" aria-hidden=\"true\" class=\"wp-block-spacer wp-container-content-541a6b20\"><\/div>\n\n\n\n<h6 class=\"wp-block-heading has-text-align-center\">Sledova\u0165 <br>prioritu<\/h6>\n<\/div>\n<\/div>\n<\/div>\n<\/div>\n<\/div>\n\n\n\n<div class=\"wp-block-columns business-answers is-layout-flex wp-container-core-columns-is-layout-9d6595d7 wp-block-columns-is-layout-flex\">\n<div class=\"wp-block-column is-vertically-aligned-stretch has-border-color has-nv-site-bg-border-color is-layout-flow wp-block-column-is-layout-flow\" style=\"border-width:2px\">\n<div class=\"wp-block-group wp-container-content-90d19858 is-vertical is-content-justification-center is-layout-flex wp-container-core-group-is-layout-b0c93512 wp-block-group-is-layout-flex\" style=\"border-style:none;border-width:0px;padding-top:60px;padding-right:18px;padding-bottom:60px;padding-left:18px\">\n<h5 class=\"wp-block-heading has-text-align-center\">Ako zabezpe\u010d\u00edm plnenie cie\u013eov v \u0161irokej organiz\u00e1cii?<\/h5>\n\n\n\n<div style=\"height:0px\" aria-hidden=\"true\" class=\"wp-block-spacer wp-container-content-c00f5982\"><\/div>\n\n\n\n<div class=\"wp-block-group is-content-justification-space-between is-nowrap is-layout-flex wp-container-core-group-is-layout-eaacdc6a wp-block-group-is-layout-flex\">\n<div class=\"wp-block-group wp-container-content-0733e5d0 is-vertical is-content-justification-center is-layout-flex wp-container-core-group-is-layout-88a7ed2c wp-block-group-is-layout-flex\">\n<figure class=\"wp-block-image size-full is-resized\"><img loading=\"lazy\" decoding=\"async\" width=\"134\" height=\"134\" src=\"https:\/\/apelyon.esb.sk\/wp-content\/uploads\/2024\/04\/komplexita-ako-bariera.png\" alt=\"Komplexita ako bari\u00e9ra\" class=\"wp-image-202\" style=\"aspect-ratio:1;object-fit:cover;width:134px\"\/><\/figure>\n\n\n\n<div style=\"height:0px\" aria-hidden=\"true\" class=\"wp-block-spacer wp-container-content-541a6b20\"><\/div>\n\n\n\n<h6 class=\"wp-block-heading has-text-align-center has-text-color has-link-color wp-elements-280ab98da4b1a0154747a4224411e630\" style=\"color:#898985\">Komplexita ako bari\u00e9ra<\/h6>\n<\/div>\n\n\n\n<div class=\"wp-block-group wp-container-content-0733e5d0 is-vertical is-content-justification-center is-layout-flex wp-container-core-group-is-layout-88a7ed2c wp-block-group-is-layout-flex\">\n<figure class=\"wp-block-image size-full is-resized\"><img loading=\"lazy\" decoding=\"async\" width=\"134\" height=\"134\" src=\"https:\/\/apelyon.esb.sk\/wp-content\/uploads\/2024\/04\/komplexita-ako-prilezitost.png\" alt=\"Komplexita ako pr\u00edle\u017e\u00edtos\u0165\" class=\"wp-image-203\" style=\"aspect-ratio:1;object-fit:cover;width:134px\"\/><\/figure>\n\n\n\n<div style=\"height:0px\" aria-hidden=\"true\" class=\"wp-block-spacer wp-container-content-541a6b20\"><\/div>\n\n\n\n<h6 class=\"wp-block-heading has-text-align-center\">Komplexita ako pr\u00edle\u017eitos\u0165<\/h6>\n<\/div>\n<\/div>\n<\/div>\n<\/div>\n\n\n\n<div class=\"wp-block-column is-vertically-aligned-stretch has-border-color has-nv-site-bg-border-color is-layout-flow wp-block-column-is-layout-flow\" style=\"border-width:2px\">\n<div class=\"wp-block-group wp-container-content-90d19858 is-vertical is-content-justification-center is-layout-flex wp-container-core-group-is-layout-b0c93512 wp-block-group-is-layout-flex\" style=\"border-style:none;border-width:0px;padding-top:60px;padding-right:18px;padding-bottom:60px;padding-left:18px\">\n<h5 class=\"wp-block-heading has-text-align-center\">Ako m\u00e1m implementova\u0165 nutn\u00e9 zmeny v\u010das?<\/h5>\n\n\n\n<div style=\"height:0px\" aria-hidden=\"true\" class=\"wp-block-spacer wp-container-content-c00f5982\"><\/div>\n\n\n\n<div class=\"wp-block-group is-content-justification-space-between is-nowrap is-layout-flex wp-container-core-group-is-layout-eaacdc6a wp-block-group-is-layout-flex\">\n<div class=\"wp-block-group wp-container-content-0733e5d0 is-vertical is-content-justification-center is-layout-flex wp-container-core-group-is-layout-88a7ed2c wp-block-group-is-layout-flex\">\n<figure class=\"wp-block-image size-full is-resized\"><img loading=\"lazy\" decoding=\"async\" width=\"134\" height=\"134\" src=\"https:\/\/apelyon.esb.sk\/wp-content\/uploads\/2024\/04\/vymysliet-riesenie.png\" alt=\"Vymyslie\u0165 rie\u0161enie\" class=\"wp-image-212\" style=\"aspect-ratio:1;object-fit:cover;width:134px\"\/><\/figure>\n\n\n\n<div style=\"height:0px\" aria-hidden=\"true\" class=\"wp-block-spacer wp-container-content-541a6b20\"><\/div>\n\n\n\n<h6 class=\"wp-block-heading has-text-align-center has-text-color has-link-color wp-elements-c1f86715ae2c4354982103d6f31567bc\" style=\"color:#898985\">Vymyslie\u0165 rie\u0161enie<\/h6>\n<\/div>\n\n\n\n<div class=\"wp-block-group wp-container-content-0733e5d0 is-vertical is-content-justification-center is-layout-flex wp-container-core-group-is-layout-88a7ed2c wp-block-group-is-layout-flex\">\n<figure class=\"wp-block-image size-full is-resized\"><img loading=\"lazy\" decoding=\"async\" width=\"134\" height=\"134\" src=\"https:\/\/apelyon.esb.sk\/wp-content\/uploads\/2024\/04\/implementovat-riesenie.png\" alt=\"Implementova\u0165 rie\u0161enie\" class=\"wp-image-201\" style=\"aspect-ratio:1;object-fit:cover;width:134px\"\/><\/figure>\n\n\n\n<div style=\"height:0px\" aria-hidden=\"true\" class=\"wp-block-spacer wp-container-content-541a6b20\"><\/div>\n\n\n\n<h6 class=\"wp-block-heading has-text-align-center\">DODA\u0164 rie\u0161enie<\/h6>\n<\/div>\n<\/div>\n<\/div>\n<\/div>\n\n\n\n<div class=\"wp-block-column is-vertically-aligned-stretch has-border-color has-nv-site-bg-border-color is-layout-flow wp-block-column-is-layout-flow\" style=\"border-width:2px\">\n<div class=\"wp-block-group wp-container-content-90d19858 is-vertical is-content-justification-center is-layout-flex wp-container-core-group-is-layout-b0c93512 wp-block-group-is-layout-flex\" style=\"border-style:none;border-width:0px;padding-top:60px;padding-right:18px;padding-bottom:60px;padding-left:18px\">\n<h5 class=\"wp-block-heading has-text-align-center\">M\u00f4\u017eem u\u017e delegova\u0165 \u00falohy<br>bez ob\u00e1v z v\u00fdsledku?<\/h5>\n\n\n\n<div style=\"height:0px\" aria-hidden=\"true\" class=\"wp-block-spacer wp-container-content-c00f5982\"><\/div>\n\n\n\n<div class=\"wp-block-group is-content-justification-space-between is-nowrap is-layout-flex wp-container-core-group-is-layout-eaacdc6a wp-block-group-is-layout-flex\">\n<div class=\"wp-block-group wp-container-content-0733e5d0 is-vertical is-content-justification-center is-layout-flex wp-container-core-group-is-layout-88a7ed2c wp-block-group-is-layout-flex\">\n<figure class=\"wp-block-image size-full is-resized\"><img loading=\"lazy\" decoding=\"async\" width=\"134\" height=\"134\" src=\"https:\/\/apelyon.esb.sk\/wp-content\/uploads\/2024\/04\/skusat-moznosti.png\" alt=\"Sk\u00fa\u0161a\u0165 mo\u017enosti\" class=\"wp-image-207\" style=\"aspect-ratio:1;object-fit:cover;width:134px\"\/><\/figure>\n\n\n\n<div style=\"height:0px\" aria-hidden=\"true\" class=\"wp-block-spacer wp-container-content-541a6b20\"><\/div>\n\n\n\n<h6 class=\"wp-block-heading has-text-align-center has-text-color has-link-color wp-elements-df1a59af6cbb936cc3d8f46ac8f7bb87\" style=\"color:#898985\">Sk\u00fa\u0161a\u0165 <br>mo\u017enosti<\/h6>\n<\/div>\n\n\n\n<div class=\"wp-block-group wp-container-content-0733e5d0 is-vertical is-content-justification-center is-layout-flex wp-container-core-group-is-layout-88a7ed2c wp-block-group-is-layout-flex\">\n<figure class=\"wp-block-image size-full is-resized\"><img loading=\"lazy\" decoding=\"async\" width=\"134\" height=\"134\" src=\"https:\/\/apelyon.esb.sk\/wp-content\/uploads\/2024\/04\/uderne-riadit.png\" alt=\"\u00daderne riadi\u0165\" class=\"wp-image-210\" style=\"aspect-ratio:1;object-fit:cover;width:134px\"\/><\/figure>\n\n\n\n<div style=\"height:0px\" aria-hidden=\"true\" class=\"wp-block-spacer wp-container-content-541a6b20\"><\/div>\n\n\n\n<h6 class=\"wp-block-heading has-text-align-center\">\u00daderne<br>riadi\u0165<\/h6>\n<\/div>\n<\/div>\n<\/div>\n<\/div>\n<\/div>\n\n\n\n<div style=\"height:80px\" aria-hidden=\"true\" class=\"wp-block-spacer\"><\/div>\n\n\n\n<div class=\"wp-block-group is-content-justification-center is-nowrap is-layout-flex wp-container-core-group-is-layout-94bc23d7 wp-block-group-is-layout-flex\">\n<div class=\"wp-block-group is-content-justification-center is-layout-flex wp-container-core-group-is-layout-64b26803 wp-block-group-is-layout-flex\">\n<h3 class=\"wp-block-heading has-text-align-center\" style=\"padding-right:18px\">Z\u00edskajte preh\u013ead a \u00fadernos\u0165&nbsp; vo va\u0161om riaden\u00ed<\/h3>\n\n\n\n<div class=\"wp-block-buttons wp-container-content-9cfa9a5a is-content-justification-center is-layout-flex wp-container-core-buttons-is-layout-16018d1d wp-block-buttons-is-layout-flex\">\n<div class=\"wp-block-button is-style-primary\"><a class=\"wp-block-button__link wp-element-button\" href=\"https:\/\/apelyon.esb.sk\/index.php\/mudre-nastroje\/\">Chcem vedie\u0165<\/a><\/div>\n<\/div>\n<\/div>\n<\/div>\n<\/div><\/div>\n<\/div><\/div>\n","protected":false},"excerpt":{"rendered":"<p>Ivan \u0160ajban ODBORN\u00dd GARANT Andrijana Ad\u00e1mek MANA\u017d\u00c9R SPOLO\u010cNOSTI office@apelyon.sk I\u010cO: 36578916DI\u010c: 20218116654DI\u010c DPH: SK2021816654 S\u00eddloESB, s. r. o.Astrov\u00e1 10 821 01 Bratislava \u2013 Ru\u017einov<\/p>\n","protected":false},"author":1,"featured_media":0,"parent":0,"menu_order":0,"comment_status":"closed","ping_status":"closed","template":"","meta":{"neve_meta_sidebar":"","neve_meta_container":"","neve_meta_enable_content_width":"","neve_meta_content_width":0,"neve_meta_title_alignment":"","neve_meta_author_avatar":"","neve_post_elements_order":"","neve_meta_disable_header":"","neve_meta_disable_footer":"","neve_meta_disable_title":"on","_themeisle_gutenberg_block_has_review":false,"footnotes":""},"class_list":["post-390","page","type-page","status-publish","hentry"],"_links":{"self":[{"href":"https:\/\/apelyon.esb.sk\/index.php\/wp-json\/wp\/v2\/pages\/390","targetHints":{"allow":["GET"]}}],"collection":[{"href":"https:\/\/apelyon.esb.sk\/index.php\/wp-json\/wp\/v2\/pages"}],"about":[{"href":"https:\/\/apelyon.esb.sk\/index.php\/wp-json\/wp\/v2\/types\/page"}],"author":[{"embeddable":true,"href":"https:\/\/apelyon.esb.sk\/index.php\/wp-json\/wp\/v2\/users\/1"}],"replies":[{"embeddable":true,"href":"https:\/\/apelyon.esb.sk\/index.php\/wp-json\/wp\/v2\/comments?post=390"}],"version-history":[{"count":22,"href":"https:\/\/apelyon.esb.sk\/index.php\/wp-json\/wp\/v2\/pages\/390\/revisions"}],"predecessor-version":[{"id":1647,"href":"https:\/\/apelyon.esb.sk\/index.php\/wp-json\/wp\/v2\/pages\/390\/revisions\/1647"}],"wp:attachment":[{"href":"https:\/\/apelyon.esb.sk\/index.php\/wp-json\/wp\/v2\/media?parent=390"}],"curies":[{"name":"wp","href":"https:\/\/api.w.org\/{rel}","templated":true}]}}